{"id":2,"date":"2020-06-17T13:35:53","date_gmt":"2020-06-17T13:35:53","guid":{"rendered":"https:\/\/bw-sozial.ch\/?page_id=2"},"modified":"2020-10-03T18:43:00","modified_gmt":"2020-10-03T18:43:00","slug":"angebote","status":"publish","type":"page","link":"https:\/\/bw-sozial.ch\/index.php\/angebote\/","title":{"rendered":"Angebote"},"content":{"rendered":"\n<p><strong>Ambulante Wohnbegleitung<\/strong><\/p>\n\n\n\n<p>Die Ambulante Wohnbegleitung ist eine aufsuchende Dienstleistung und richtet sich an Menschen mit einer Beeintr\u00e4chtigung, welche selbst\u00e4ndig oder in einer Wohngemeinschaft leben m\u00f6chten, jedoch auf Unterst\u00fctzung angewiesen sind.&nbsp; Die Begleitung ist auf max. 4 Begleitstunden pro Woche beschr\u00e4nkt.<\/p>\n\n\n\n<p>Die Ziele der Ambulanten Wohnbegleitung:<\/p>\n\n\n\n<ul><li>Erhaltung und Weiterentwicklung der selbst\u00e4ndigen Lebensf\u00fchrung im Allgemeinen<\/li><li>Beratung und Prozessbegleitung im Bereich der Haushaltsf\u00fchrung<\/li><li>Unterst\u00fctzung bei der Gestaltung der Tagesstruktur und der Freizeit<\/li><li>F\u00f6rderung der Beziehungsgestaltung und der sozialen Integration<\/li><li>Erweiterung und F\u00f6rderung von finanziellen und administrativen Prozessen, welche nicht in den Aufgabenbereich der Beistandschaft fallen.<\/li><\/ul>\n\n\n\n<div style=\"height:38px\" aria-hidden=\"true\" class=\"wp-block-spacer\"><\/div>\n\n\n\n<p><strong>Sozialp\u00e4dagogische Familienbegleitung (SPF)<\/strong><strong><\/strong><\/p>\n\n\n\n<p>Sozialp\u00e4dagogische Familienbegleitung (SPF) ist ein aufsuchendes Angebot der Kinder- und Jugendhilfe. Sie unterst\u00fctzt Familien bei der Bearbeitung von unterschiedlichen famili\u00e4ren Problemlagen, um die Lebensbedingungen der betroffenen Kinder und Jugendlichen zu verbessern. Dabei ist der Fokus auf das Kindeswohl und die Entwicklung der Kinder und Jugendlichen gerichtet.<br>Die Schwerpunkte der Arbeit von SPF liegen:<\/p>\n\n\n\n<ul><li>in der St\u00e4rkung und Bef\u00e4higung der Erziehungsberechtigten f\u00fcr eine gelingende Lebensgestaltung<\/li><li>in der F\u00f6rderung eines konstruktiven Umgangs mit Spannungen in der Familie<\/li><li>in der individuellen F\u00f6rderung der Kinder und Jugendlichen<\/li><li>in der Vernetzung und Ressourcenerschliessung im relevanten Umfeld der Familie<\/li><li>in der Erweiterung der L\u00f6sungs- und Handlungsm\u00f6glichkeiten aller Familienmitglieder<\/li><\/ul>\n\n\n\n<div style=\"height:38px\" aria-hidden=\"true\" class=\"wp-block-spacer\"><\/div>\n\n\n\n<p><strong>Beistandschaften<\/strong><\/p>\n\n\n\n<p>Bei der F\u00fchrung von Beistandschaften steht die schutzbed\u00fcrftige Person und deren Wohl im Zentrum.\u00a0\u00a0Wir legen Wert auf eine m\u00f6glichst pers\u00f6nliche und individuelle Beratung, Begleitung und Vertretung. Gleichzeitig sollen die Schutzbed\u00fcrfnisse der betroffenen Menschen und die fachlichen Standards und Vorgaben der auftraggebenden Stelle gew\u00e4hrleistet werden.<\/p>\n","protected":false},"excerpt":{"rendered":"<p>Ambulante Wohnbegleitung Die Ambulante Wohnbegleitung ist eine aufsuchende Dienstleistung und richtet sich an Menschen mit einer Beeintr\u00e4chtigung, welche selbst\u00e4ndig oder in einer Wohngemeinschaft leben m\u00f6chten, jedoch auf Unterst\u00fctzung angewiesen sind.&nbsp; Die Begleitung ist auf max. 4 Begleitstunden pro Woche beschr\u00e4nkt. Die Ziele der Ambulanten Wohnbegleitung: Erhaltung und Weiterentwicklung der selbst\u00e4ndigen Lebensf\u00fchrung im Allgemeinen Beratung und &hellip; <\/p>\n<p class=\"link-more\"><a href=\"https:\/\/bw-sozial.ch\/index.php\/angebote\/\" class=\"more-link\"><span class=\"screen-reader-text\">&#171;Angebote&#187;<\/span> weiterlesen<\/a><\/p>\n","protected":false},"author":1,"featured_media":0,"parent":0,"menu_order":0,"comment_status":"closed","ping_status":"open","template":"","meta":{"footnotes":""},"yoast_head":"<!-- This site is optimized with the Yoast SEO plugin v19.4 - https:\/\/yoast.com\/wordpress\/plugins\/seo\/ -->\n<title>Angebote - BW-Sozial<\/title>\n<meta name=\"robots\" content=\"index, follow, max-snippet:-1, max-image-preview:large, max-video-preview:-1\" \/>\n<link rel=\"canonical\" href=\"https:\/\/bw-sozial.ch\/index.php\/angebote\/\" \/>\n<meta property=\"og:locale\" content=\"de_DE\" \/>\n<meta property=\"og:type\" content=\"article\" \/>\n<meta property=\"og:title\" content=\"Angebote - BW-Sozial\" \/>\n<meta property=\"og:description\" content=\"Ambulante Wohnbegleitung Die Ambulante Wohnbegleitung ist eine aufsuchende Dienstleistung und richtet sich an Menschen mit einer Beeintr\u00e4chtigung, welche selbst\u00e4ndig oder in einer Wohngemeinschaft leben m\u00f6chten, jedoch auf Unterst\u00fctzung angewiesen sind.&nbsp; Die Begleitung ist auf max. 4 Begleitstunden pro Woche beschr\u00e4nkt. Die Ziele der Ambulanten Wohnbegleitung: Erhaltung und Weiterentwicklung der selbst\u00e4ndigen Lebensf\u00fchrung im Allgemeinen Beratung und &hellip; &quot;Angebote&quot; weiterlesen\" \/>\n<meta property=\"og:url\" content=\"https:\/\/bw-sozial.ch\/index.php\/angebote\/\" \/>\n<meta property=\"og:site_name\" content=\"BW-Sozial\" \/>\n<meta property=\"article:modified_time\" content=\"2020-10-03T18:43:00+00:00\" \/>\n<meta name=\"twitter:card\" content=\"summary_large_image\" \/>\n<meta name=\"twitter:label1\" content=\"Est. reading time\" \/>\n\t<meta name=\"twitter:data1\" content=\"1 Minute\" \/>\n<script type=\"application\/ld+json\" class=\"yoast-schema-graph\">{\"@context\":\"https:\/\/schema.org\",\"@graph\":[{\"@type\":\"WebSite\",\"@id\":\"https:\/\/bw-sozial.ch\/#website\",\"url\":\"https:\/\/bw-sozial.ch\/\",\"name\":\"BW-Sozial\",\"description\":\"Sozialdienstleistungen\",\"potentialAction\":[{\"@type\":\"SearchAction\",\"target\":{\"@type\":\"EntryPoint\",\"urlTemplate\":\"https:\/\/bw-sozial.ch\/?s={search_term_string}\"},\"query-input\":\"required name=search_term_string\"}],\"inLanguage\":\"de-CH\"},{\"@type\":\"WebPage\",\"@id\":\"https:\/\/bw-sozial.ch\/index.php\/angebote\/\",\"url\":\"https:\/\/bw-sozial.ch\/index.php\/angebote\/\",\"name\":\"Angebote - BW-Sozial\",\"isPartOf\":{\"@id\":\"https:\/\/bw-sozial.ch\/#website\"},\"datePublished\":\"2020-06-17T13:35:53+00:00\",\"dateModified\":\"2020-10-03T18:43:00+00:00\",\"breadcrumb\":{\"@id\":\"https:\/\/bw-sozial.ch\/index.php\/angebote\/#breadcrumb\"},\"inLanguage\":\"de-CH\",\"potentialAction\":[{\"@type\":\"ReadAction\",\"target\":[\"https:\/\/bw-sozial.ch\/index.php\/angebote\/\"]}]},{\"@type\":\"BreadcrumbList\",\"@id\":\"https:\/\/bw-sozial.ch\/index.php\/angebote\/#breadcrumb\",\"itemListElement\":[{\"@type\":\"ListItem\",\"position\":1,\"name\":\"Home\",\"item\":\"https:\/\/bw-sozial.ch\/\"},{\"@type\":\"ListItem\",\"position\":2,\"name\":\"Angebote\"}]}]}<\/script>\n<!-- \/ Yoast SEO plugin. -->","yoast_head_json":{"title":"Angebote - BW-Sozial","robots":{"index":"index","follow":"follow","max-snippet":"max-snippet:-1","max-image-preview":"max-image-preview:large","max-video-preview":"max-video-preview:-1"},"canonical":"https:\/\/bw-sozial.ch\/index.php\/angebote\/","og_locale":"de_DE","og_type":"article","og_title":"Angebote - BW-Sozial","og_description":"Ambulante Wohnbegleitung Die Ambulante Wohnbegleitung ist eine aufsuchende Dienstleistung und richtet sich an Menschen mit einer Beeintr\u00e4chtigung, welche selbst\u00e4ndig oder in einer Wohngemeinschaft leben m\u00f6chten, jedoch auf Unterst\u00fctzung angewiesen sind.&nbsp; Die Begleitung ist auf max. 4 Begleitstunden pro Woche beschr\u00e4nkt. Die Ziele der Ambulanten Wohnbegleitung: Erhaltung und Weiterentwicklung der selbst\u00e4ndigen Lebensf\u00fchrung im Allgemeinen Beratung und &hellip; \"Angebote\" weiterlesen","og_url":"https:\/\/bw-sozial.ch\/index.php\/angebote\/","og_site_name":"BW-Sozial","article_modified_time":"2020-10-03T18:43:00+00:00","twitter_card":"summary_large_image","twitter_misc":{"Est. reading time":"1 Minute"},"schema":{"@context":"https:\/\/schema.org","@graph":[{"@type":"WebSite","@id":"https:\/\/bw-sozial.ch\/#website","url":"https:\/\/bw-sozial.ch\/","name":"BW-Sozial","description":"Sozialdienstleistungen","potentialAction":[{"@type":"SearchAction","target":{"@type":"EntryPoint","urlTemplate":"https:\/\/bw-sozial.ch\/?s={search_term_string}"},"query-input":"required name=search_term_string"}],"inLanguage":"de-CH"},{"@type":"WebPage","@id":"https:\/\/bw-sozial.ch\/index.php\/angebote\/","url":"https:\/\/bw-sozial.ch\/index.php\/angebote\/","name":"Angebote - BW-Sozial","isPartOf":{"@id":"https:\/\/bw-sozial.ch\/#website"},"datePublished":"2020-06-17T13:35:53+00:00","dateModified":"2020-10-03T18:43:00+00:00","breadcrumb":{"@id":"https:\/\/bw-sozial.ch\/index.php\/angebote\/#breadcrumb"},"inLanguage":"de-CH","potentialAction":[{"@type":"ReadAction","target":["https:\/\/bw-sozial.ch\/index.php\/angebote\/"]}]},{"@type":"BreadcrumbList","@id":"https:\/\/bw-sozial.ch\/index.php\/angebote\/#breadcrumb","itemListElement":[{"@type":"ListItem","position":1,"name":"Home","item":"https:\/\/bw-sozial.ch\/"},{"@type":"ListItem","position":2,"name":"Angebote"}]}]}},"_links":{"self":[{"href":"https:\/\/bw-sozial.ch\/index.php\/wp-json\/wp\/v2\/pages\/2"}],"collection":[{"href":"https:\/\/bw-sozial.ch\/index.php\/wp-json\/wp\/v2\/pages"}],"about":[{"href":"https:\/\/bw-sozial.ch\/index.php\/wp-json\/wp\/v2\/types\/page"}],"author":[{"embeddable":true,"href":"https:\/\/bw-sozial.ch\/index.php\/wp-json\/wp\/v2\/users\/1"}],"replies":[{"embeddable":true,"href":"https:\/\/bw-sozial.ch\/index.php\/wp-json\/wp\/v2\/comments?post=2"}],"version-history":[{"count":5,"href":"https:\/\/bw-sozial.ch\/index.php\/wp-json\/wp\/v2\/pages\/2\/revisions"}],"predecessor-version":[{"id":113,"href":"https:\/\/bw-sozial.ch\/index.php\/wp-json\/wp\/v2\/pages\/2\/revisions\/113"}],"wp:attachment":[{"href":"https:\/\/bw-sozial.ch\/index.php\/wp-json\/wp\/v2\/media?parent=2"}],"curies":[{"name":"wp","href":"https:\/\/api.w.org\/{rel}","templated":true}]}}